{"id":1178,"date":"2025-05-30T19:27:41","date_gmt":"2025-05-30T16:27:41","guid":{"rendered":"https:\/\/tour-antalya.com\/?post_type=product&#038;p=1178"},"modified":"2026-04-11T20:25:41","modified_gmt":"2026-04-11T17:25:41","slug":"koprulu-canyon-combo-raftingbuggyziplinemonster-canyon-2","status":"publish","type":"product","link":"https:\/\/tour-antalya.com\/?product=koprulu-canyon-combo-raftingbuggyziplinemonster-canyon-2","title":{"rendered":"Rafting+Buggy+Zipline+Off Road Safari Combo- K\u00f6pr\u00fcl\u00fc Canyon-"},"content":{"rendered":"<p>Enjoy free hotel pickup and drop-off as we take you on an adventure to No problem!<\/p>\n<p>We\u2019ve combined four thrilling activities into one action-packed day, ensuring maximum fun and excitement.<\/p>\n<p>14 km rafting<\/p>\n<p>zipline<\/p>\n<p>buggy tour<\/p>\n<p>jeep safari<\/p>\n<p>lunch break<\/p>\n<p>Get ready for the most unforgettable day of your holiday in Antalya! Embrace nature, challenge your limits, and let the wild guide your journey!<\/p>\n","protected":false},"excerpt":{"rendered":"<p>Enjoy free hotel pickup and drop-off as we take you on an adventure to No problem! We\u2019ve combined four thrilling activities into one action-packed day, ensuring maximum fun and excitement. 14 km rafting zipline buggy tour jeep safari lunch break Get ready for the most unforgettable day of your holiday in Antalya! Embrace nature, challenge&#8230;<\/p>\n","protected":false},"featured_media":831,"comment_status":"open","ping_status":"closed","template":"","meta":{"advanced_seo_description":"","jetpack_seo_html_title":"","jetpack_seo_noindex":false,"_kad_post_transparent":"default","_kad_post_title":"","_kad_post_layout":"default","_kad_post_sidebar_id":"","_kad_post_content_style":"default","_kad_post_vertical_padding":"default","_kad_post_feature":"","_kad_post_feature_position":"","_kad_post_header":false,"_kad_post_footer":false,"jetpack_publicize_message":"","jetpack_publicize_feature_enabled":true,"jetpack_social_post_already_shared":true,"jetpack_social_options":{"image_generator_settings":{"template":"highway","default_image_id":0,"font":"","enabled":false},"version":2},"_wpas_customize_per_network":false},"product_brand":[],"product_cat":[1385],"product_tag":[],"class_list":{"0":"post-1178","1":"product","2":"type-product","3":"status-publish","4":"has-post-thumbnail","6":"product_cat-tours-from-kemer","8":"first","9":"instock","10":"sale","11":"taxable","12":"shipping-taxable","13":"product-type-simple","14":"entry","15":"content-bg","16":"loop-entry"},"exclude_global_add_ons":[],"addons":[],"jetpack_publicize_connections":[],"jetpack_sharing_enabled":true,"jetpack_likes_enabled":true,"_links":{"self":[{"href":"https:\/\/tour-antalya.com\/index.php?rest_route=\/wp\/v2\/product\/1178","targetHints":{"allow":["GET"]}}],"collection":[{"href":"https:\/\/tour-antalya.com\/index.php?rest_route=\/wp\/v2\/product"}],"about":[{"href":"https:\/\/tour-antalya.com\/index.php?rest_route=\/wp\/v2\/types\/product"}],"replies":[{"embeddable":true,"href":"https:\/\/tour-antalya.com\/index.php?rest_route=%2Fwp%2Fv2%2Fcomments&post=1178"}],"wp:featuredmedia":[{"embeddable":true,"href":"https:\/\/tour-antalya.com\/index.php?rest_route=\/wp\/v2\/media\/831"}],"wp:attachment":[{"href":"https:\/\/tour-antalya.com\/index.php?rest_route=%2Fwp%2Fv2%2Fmedia&parent=1178"}],"wp:term":[{"taxonomy":"product_brand","embeddable":true,"href":"https:\/\/tour-antalya.com\/index.php?rest_route=%2Fwp%2Fv2%2Fproduct_brand&post=1178"},{"taxonomy":"product_cat","embeddable":true,"href":"https:\/\/tour-antalya.com\/index.php?rest_route=%2Fwp%2Fv2%2Fproduct_cat&post=1178"},{"taxonomy":"product_tag","embeddable":true,"href":"https:\/\/tour-antalya.com\/index.php?rest_route=%2Fwp%2Fv2%2Fproduct_tag&post=1178"}],"curies":[{"name":"wp","href":"https:\/\/api.w.org\/{rel}","templated":true}]}}